{"id":25260,"date":"2019-03-25T10:16:59","date_gmt":"2019-03-25T10:16:59","guid":{"rendered":"https:\/\/www.infomeik.com\/?page_id=25260"},"modified":"2019-03-25T15:26:19","modified_gmt":"2019-03-25T15:26:19","slug":"tic-camaras-2019","status":"publish","type":"page","link":"https:\/\/www.infomeik.com\/en\/tic-camaras-2019\/","title":{"rendered":"Tic Camaras 2019"},"content":{"rendered":"<div class=\"wpb-content-wrapper\"><p>[vc_row bg_type=&#8221;image&#8221; bg_image_new=&#8221;25311&#8243; bg_override=&#8221;full&#8221; css=&#8221;.vc_custom_1553527576992{padding-top: 180px !important;padding-bottom: 20px !important;}&#8221;][vc_column width=&#8221;1\/2&#8243;]<h2 class=\"boc_heading no_text_transform letter_spacing_negative al_left  \"  style=\"margin-bottom: 20px;margin-top: 0px;color: #ffffff;font-size: 42px;\"><span>Subvenciones<br \/>\n&#8220;Tic C\u00e1maras 2019&#8221;<\/span><\/h2><div class=\"boc_divider_holder\"><div class=\"boc_divider  \"  style=\"margin-top: 26px;margin-bottom: 20px;width: 100px;height: 1px;background: rgba(255,255,255,0.12);\"><\/div><\/div>[vc_column_text]<span style=\"color: #ffffff;\">Mediante el programa <strong>Tic C\u00e1maras<\/strong> tienes la oportunidad de realizar el proyecto de Internet que tu empresa necesita, con una subvenci\u00f3n de hasta el 50% de tu inversi\u00f3n y con un importe m\u00e1ximo de 7000\u20ac.<br \/>\nSolo para empresas de la Comunidad Valenciana<\/span>[\/vc_column_text]<div class=\"boc_spacing \" style=\"height: 60px\"><\/div><a\thref=\"\/sobre-nosotros\/\" \n\t\t\t\tclass=\"button btn_small btn_orange btn_rounded btn_normal_style icon_pos_after btn_icon_anim_out  \"  target='_self'><span>con\u00f3cenos<\/span> <i class='icon icon-arrow-right6'><\/i> <\/a><a\thref=\"\/contacto\/\" \n\t\t\t\tclass=\"button btn_small btn_white btn_rounded btn_outline icon_pos_after btn_icon_anim_out  btn_push_right\"  target='_self'><span>Cont\u00e1ctanos<\/span> <i class='icon icon-arrow-right6'><\/i> <\/a><div class=\"boc_spacing \" style=\"height: 60px\"><\/div>[\/vc_column][vc_column width=&#8221;1\/2&#8243;][vc_raw_js]JTNDc2NyaXB0JTIwdHlwZSUzRCUyMnRleHQlMkZqYXZhc2NyaXB0JTIyJTNFJTBBalF1ZXJ5JTI4ZnVuY3Rpb24lMjglMjQlMjklMjAlN0IlMEElMjAlMjAlMjAlMjBqUXVlcnklMjglMjIuY3VzdG9tX21lbnVfNCUyMiUyOS5hZGRDbGFzcyUyOCUyMmN1c3RvbV9tZW51XzElMjIlMjkucmVtb3ZlQ2xhc3MlMjglMjJjdXN0b21fbWVudV80JTIyJTI5JTNCJTBBJTdEJTI5JTNCJTBBJTNDJTJGc2NyaXB0JTNF[\/vc_raw_js][\/vc_column][\/vc_row][vc_row][vc_column][vc_row_inner][vc_column_inner]<h2 class=\"boc_heading no_text_transform letter_spacing_negative al_left  \"  style=\"margin-bottom: 20px;margin-top: 0px;color: #000000;font-size: 30px;\"><span>\u00bfQu\u00e9 es el <strong>Programa Tic C\u00e1maras<\/strong>?<\/span><\/h2><div class=\"boc_divider_holder\"><div class=\"boc_divider  \"  style=\"margin-top: 20px;margin-bottom: 20px;width: 60%;height: 1px;background: #eeeeee;\"><\/div><\/div>[\/vc_column_inner][\/vc_row_inner][vc_row_inner][vc_column_inner][vc_column_text]TIC C\u00e1maras es un programa creado y gestionado por el consejo superior de C\u00e1maras de Comercio, Industria y Navegaci\u00f3n de Espa\u00f1a, que tiene por objeto potenciar la incorporaci\u00f3n sistem\u00e1tica de las Tecnolog\u00edas de la Informaci\u00f3n y la Comunicaci\u00f3n (TIC).[\/vc_column_text][vc_column_text]Impulsando la creaci\u00f3n de herramientas competitivas claves, en la estrategia de las Peque\u00f1as y Medianas Empresas que participan, as\u00ed como ampliar las oportunidades que ofrecen las nuevas tecnolog\u00edas para mejorar la productividad y la competitividad.[\/vc_column_text][\/vc_column_inner][\/vc_row_inner]<div class=\"boc_spacing \" style=\"height: 40px\"><\/div>[\/vc_column][\/vc_row][vc_row][vc_column][vc_row_inner][vc_column_inner]<h2 class=\"boc_heading no_text_transform letter_spacing_negative al_left  \"  style=\"margin-bottom: 20px;margin-top: 0px;color: #000000;font-size: 30px;\"><span>\u00bfA qui\u00e9n va <strong>Dirigido<\/strong>?<\/span><\/h2><div class=\"boc_divider_holder\"><div class=\"boc_divider  \"  style=\"margin-top: 20px;margin-bottom: 20px;width: 60%;height: 1px;background: #eeeeee;\"><\/div><\/div>[\/vc_column_inner][\/vc_row_inner][vc_row_inner][vc_column_inner][vc_column_text]\u200bLas ayudas van destinadas a todas las empresas de la provincia de Valencia que cumplan los siguientes requisitos:<\/p>\n<ul>\n<li>Ser una pyme (peque\u00f1a o mediana empresa) o aut\u00f3nomo.<\/li>\n<li>Estar al corriente de pagos de sus obligaciones tributarios y con la Seguridad Social.<\/li>\n<li>Cumplir la normativa de ayudas de m\u00ednimos seg\u00fan lo previsto en el Reglamento (CE) 1998\/2006.<\/li>\n<li>Estar dado de alta en el Censo del IAE. Independientemente de los ep\u00edgrafes del IAE en los que est\u00e9n dadas de alta, quedan exceptuadas aquellas empresas que operen en los sectores de la pesca, la acuicultura, el carb\u00f3n y la producci\u00f3n primaria de los productos agr\u00edcolas que figuran en la lista del Anexo I del TFUE<\/li>\n<li>No encontrarse incursa en ninguna de las prohibiciones a que hace referencia el art\u00edculo 13 de la Ley 38\/2003.<\/li>\n<\/ul>\n<p>[\/vc_column_text]<div class=\"boc_spacing \" style=\"height: 40px\"><\/div>[\/vc_column_inner][\/vc_row_inner]<h2 class=\"boc_heading no_text_transform letter_spacing_negative al_left  \"  style=\"margin-bottom: 20px;margin-top: 0px;color: #000000;font-size: 30px;\"><span>\u00bfQu\u00e9 porcentaje de la inversi\u00f3n <strong>Subvencionan<\/strong>?<\/span><\/h2><div class=\"boc_divider_holder\"><div class=\"boc_divider  \"  style=\"margin-top: 20px;margin-bottom: 20px;width: 60%;height: 1px;background: #eeeeee;\"><\/div><\/div><div class=\"boc_spacing \" style=\"height: 40px\"><\/div>[vc_row_inner][vc_column_inner][vc_column_text]<\/p>\n<pre>Subvenci\u00f3n de hasta el <strong>50% <\/strong>del total de la inversi\u00f3n.\r\nCon una <strong>inversi\u00f3n m\u00e1xima de hasta 7.000\u20ac<\/strong><\/pre>\n<p>[\/vc_column_text][\/vc_column_inner][\/vc_row_inner]<div class=\"boc_spacing \" style=\"height: 40px\"><\/div><h2 class=\"boc_heading no_text_transform letter_spacing_negative al_left  \"  style=\"margin-bottom: 20px;margin-top: 0px;color: #000000;font-size: 30px;\"><span>\u00bfQu\u00e9 <strong>Proyectos<\/strong> puedo realizar?<\/span><\/h2><div class=\"boc_divider_holder\"><div class=\"boc_divider  \"  style=\"margin-top: 20px;margin-bottom: 20px;width: 60%;height: 1px;background: #eeeeee;\"><\/div><\/div><div class=\"boc_spacing \" style=\"height: 40px\"><\/div>[vc_column_text]<\/p>\n<ul>\n<li>CREACI\u00d3N DE P\u00c1GINA WEB<\/li>\n<li>CREACI\u00d3N DE TIENDA ONLINE<\/li>\n<li>V\u00cdDEO DE EMPRESA<\/li>\n<li>POSICIONAMIENTO EN GOOGLE<\/li>\n<li>REDES SOCIALES<\/li>\n<li>APPS<\/li>\n<li>PLANTILLAS E-MAIL MARKETING<\/li>\n<\/ul>\n<p>[\/vc_column_text]<div class=\"boc_spacing \" style=\"height: 40px\"><\/div>[\/vc_column][\/vc_row][vc_row][vc_column][vc_row_inner][vc_column_inner]<h2 class=\"boc_heading no_text_transform letter_spacing_negative al_left  \"  style=\"margin-bottom: 20px;margin-top: 0px;color: #000000;font-size: 30px;\"><span>\u00bfQu\u00e9 <strong>Plazo<\/strong> tengo para que Infomeik gestione esta subvenci\u00f3n?<\/span><\/h2><div class=\"boc_divider_holder\"><div class=\"boc_divider  \"  style=\"margin-top: 20px;margin-bottom: 20px;width: 60%;height: 1px;background: #eeeeee;\"><\/div><\/div>[\/vc_column_inner][\/vc_row_inner][vc_row_inner][vc_column_inner][vc_column_text]Las solicitudes gestionadas por Infomeik se aceptar\u00e1n hasta el d\u00eda 1 de abril de 2019 a las 17 h.<\/p>\n<p>Date prisa que queda poco tiempo.[\/vc_column_text][\/vc_column_inner][\/vc_row_inner]<div class=\"boc_spacing \" style=\"height: 40px\"><\/div>[\/vc_column][\/vc_row][vc_row bg_type=&#8221;image&#8221; bg_image_new=&#8221;24467&#8243; bg_override=&#8221;full&#8221; parallax_content=&#8221;off&#8221; fadeout_row=&#8221;off&#8221; enable_overlay=&#8221;off&#8221; seperator_enable=&#8221;off&#8221; css=&#8221;.vc_custom_1528987851086{margin-bottom: 0px !important;padding-top: 40px !important;padding-bottom: 40px !important;}&#8221;][vc_column]<h2 class=\"boc_heading no_text_transform letter_spacing_negative center  \"  style=\"margin-bottom: 20px;margin-top: 0px;color: #ffffff;font-size: 42px;\"><span>\u00bfTe interesa esta subvenci\u00f3n?<\/span><\/h2><h2 class=\"boc_heading no_text_transform letter_spacing_negative center  \"  style=\"margin-bottom: 20px;margin-top: 0px;color: #ffffff;font-size: 26px;\"><span>Ll\u00e1manos urgente al <strong>675 965 099<\/strong> o escr\u00edbenos rellenado el formulario.<\/span><\/h2><div class=\"boc_spacing \" style=\"height: 40px\"><\/div>[vc_row_inner][vc_column_inner width=&#8221;1\/4&#8243;][\/vc_column_inner][vc_column_inner el_class=&#8221;center white_text&#8221; width=&#8221;1\/2&#8243; css=&#8221;.vc_custom_1431611889796{border-top-width: 1px !important;border-right-width: 1px !important;border-bottom-width: 1px !important;border-left-width: 1px !important;padding-top: 30px !important;padding-right: 30px !important;padding-bottom: 30px !important;padding-left: 30px !important;background-color: rgba(0,0,0,0.4) !important;*background-color: rgb(0,0,0) !important;border-left-color: rgba(0,0,0,0.3) !important;border-left-style: solid !important;border-right-color: rgba(0,0,0,0.3) !important;border-right-style: solid !important;border-top-color: rgba(0,0,0,0.3) !important;border-top-style: solid !important;border-bottom-color: rgba(0,0,0,0.3) !important;border-bottom-style: solid !important;}&#8221;]\n<div class=\"wpcf7 no-js\" id=\"wpcf7-f22419-o1\" lang=\"en-US\" dir=\"ltr\" data-wpcf7-id=\"22419\">\n<div class=\"screen-reader-response\"><p role=\"status\" aria-live=\"polite\" aria-atomic=\"true\"><\/p> <ul><\/ul><\/div>\n<form action=\"\/en\/wp-json\/wp\/v2\/pages\/25260#wpcf7-f22419-o1\" method=\"post\" class=\"wpcf7-form init wpcf7-acceptance-as-validation\" aria-label=\"Contact form\" novalidate=\"novalidate\" data-status=\"init\">\n<fieldset class=\"hidden-fields-container\"><input type=\"hidden\" name=\"_wpcf7\" value=\"22419\" \/><input type=\"hidden\" name=\"_wpcf7_version\" value=\"6.1.5\" \/><input type=\"hidden\" name=\"_wpcf7_locale\" value=\"en_US\" \/><input type=\"hidden\" name=\"_wpcf7_unit_tag\" value=\"wpcf7-f22419-o1\" \/><input type=\"hidden\" name=\"_wpcf7_container_post\" value=\"0\" \/><input type=\"hidden\" name=\"_wpcf7_posted_data_hash\" value=\"\" \/><input type=\"hidden\" name=\"_wpcf7_recaptcha_response\" value=\"\" \/>\n<\/fieldset>\n<p><span class=\"wpcf7-form-control-wrap\" data-name=\"nombre\"><input size=\"40\" maxlength=\"400\" class=\"wpcf7-form-control wpcf7-text wpcf7-validates-as-required input_bottom_line\" aria-required=\"true\" aria-invalid=\"false\" placeholder=\"Nombre *\" value=\"\" type=\"text\" name=\"nombre\" \/><\/span>\n<\/p>\n<p><span class=\"wpcf7-form-control-wrap\" data-name=\"telefono\"><input size=\"40\" maxlength=\"400\" class=\"wpcf7-form-control wpcf7-tel wpcf7-text wpcf7-validates-as-tel input_bottom_line\" aria-invalid=\"false\" placeholder=\"Tel\u00e9fono *\" value=\"\" type=\"tel\" name=\"telefono\" \/><\/span>\n<\/p>\n<p><span class=\"wpcf7-form-control-wrap\" data-name=\"email\"><input size=\"40\" maxlength=\"400\" class=\"wpcf7-form-control wpcf7-email wpcf7-validates-as-required wpcf7-text wpcf7-validates-as-email input_bottom_line\" aria-required=\"true\" aria-invalid=\"false\" placeholder=\"Correo electr\u00f3nico *\" value=\"\" type=\"email\" name=\"email\" \/><\/span>\n<\/p>\n<p><span class=\"wpcf7-form-control-wrap\" data-name=\"message\"><textarea cols=\"40\" rows=\"4\" maxlength=\"2000\" class=\"wpcf7-form-control wpcf7-textarea wpcf7-validates-as-required input_bottom_line\" aria-required=\"true\" aria-invalid=\"false\" placeholder=\"Mensaje *\" name=\"message\"><\/textarea><\/span>\n<\/p>\n<p style=\"color: #c1c1c1;\"><span class=\"wpcf7-form-control-wrap\" data-name=\"acceptance-502\"><span class=\"wpcf7-form-control wpcf7-acceptance\"><span class=\"wpcf7-list-item\"><input type=\"checkbox\" name=\"acceptance-502\" value=\"1\" aria-invalid=\"false\" \/><\/span><\/span><\/span> Acepto la <a href=\"\/politica-de-privacidad\/\" target=\"_blank\">Pol\u00edtica de Privacidad *<\/a>\n<\/p>\n<div class=\"h20\">\n<\/div>\n<p>\n\n<\/p>\n<p><input class=\"wpcf7-form-control wpcf7-submit has-spinner btn_theme_color btn_rounded\" type=\"submit\" value=\"Enviar\" \/>\n<\/p><p style=\"display: none !important;\" class=\"akismet-fields-container\" data-prefix=\"_wpcf7_ak_\"><label>&#916;<textarea name=\"_wpcf7_ak_hp_textarea\" cols=\"45\" rows=\"8\" maxlength=\"100\"><\/textarea><\/label><input type=\"hidden\" id=\"ak_js_1\" name=\"_wpcf7_ak_js\" value=\"46\"\/><script>document.getElementById( \"ak_js_1\" ).setAttribute( \"value\", ( new Date() ).getTime() );<\/script><\/p><div class=\"wpcf7-response-output\" aria-hidden=\"true\"><\/div>\n<\/form>\n<\/div>\n[\/vc_column_inner][vc_column_inner width=&#8221;1\/4&#8243;][\/vc_column_inner][\/vc_row_inner][\/vc_column][\/vc_row]<\/p>\n<\/div>","protected":false},"excerpt":{"rendered":"<p>[vc_row bg_type=&#8221;image&#8221; bg_image_new=&#8221;25311&#8243; bg_override=&#8221;full&#8221; css=&#8221;.vc_custom_1553527576992{padding-top: 180px !important;padding-bottom: 20px !important;}&#8221;][vc_column width=&#8221;1\/2&#8243;][vc_column_text]Mediante el programa Tic C\u00e1maras tienes la oportunidad de realizar el proyecto de Internet que tu empresa necesita, con una subvenci\u00f3n de hasta el 50% de tu inversi\u00f3n y con un importe m\u00e1ximo de 7000\u20ac. Solo para empresas de la Comunidad Valenciana[\/vc_column_text][\/vc_column][vc_column width=&#8221;1\/2&#8243;][vc_raw_js]JTNDc2NyaXB0JTIwdHlwZSUzRCUyMnRleHQlMkZqYXZhc2NyaXB0JTIyJTNFJTBBalF1ZXJ5JTI4ZnVuY3Rpb24lMjglMjQlMjklMjAlN0IlMEElMjAlMjAlMjAlMjBqUXVlcnklMjglMjIuY3VzdG9tX21lbnVfNCUyMiUyOS5hZGRDbGFzcyUyOCUyMmN1c3RvbV9tZW51XzElMjIlMjkucmVtb3ZlQ2xhc3MlMjglMjJjdXN0b21fbWVudV80JTIyJTI5JTNCJTBBJTdEJTI5JTNCJTBBJTNDJTJGc2NyaXB0JTNF[\/vc_raw_js][\/vc_column][\/vc_row][vc_row][vc_column][vc_row_inner][vc_column_inner][\/vc_column_inner][\/vc_row_inner][vc_row_inner][vc_column_inner][vc_column_text]TIC C\u00e1maras es un programa creado y gestionado por<\/p>\n<div class=\"h10\"><\/div>\n<p><a class=\"more-link2 flat\" href=\"https:\/\/www.infomeik.com\/en\/tic-camaras-2019\/\">Read more<\/a><\/p>\n","protected":false},"author":1,"featured_media":0,"parent":0,"menu_order":0,"comment_status":"closed","ping_status":"closed","template":"","meta":{"_acf_changed":false,"footnotes":""},"class_list":["post-25260","page","type-page","status-publish","hentry"],"acf":[],"aioseo_notices":[],"_links":{"self":[{"href":"https:\/\/www.infomeik.com\/en\/wp-json\/wp\/v2\/pages\/25260","targetHints":{"allow":["GET"]}}],"collection":[{"href":"https:\/\/www.infomeik.com\/en\/wp-json\/wp\/v2\/pages"}],"about":[{"href":"https:\/\/www.infomeik.com\/en\/wp-json\/wp\/v2\/types\/page"}],"author":[{"embeddable":true,"href":"https:\/\/www.infomeik.com\/en\/wp-json\/wp\/v2\/users\/1"}],"replies":[{"embeddable":true,"href":"https:\/\/www.infomeik.com\/en\/wp-json\/wp\/v2\/comments?post=25260"}],"version-history":[{"count":49,"href":"https:\/\/www.infomeik.com\/en\/wp-json\/wp\/v2\/pages\/25260\/revisions"}],"predecessor-version":[{"id":25312,"href":"https:\/\/www.infomeik.com\/en\/wp-json\/wp\/v2\/pages\/25260\/revisions\/25312"}],"wp:attachment":[{"href":"https:\/\/www.infomeik.com\/en\/wp-json\/wp\/v2\/media?parent=25260"}],"curies":[{"name":"wp","href":"https:\/\/api.w.org\/{rel}","templated":true}]}}