{"id":451,"date":"2010-12-14T09:25:44","date_gmt":"2010-12-14T09:25:44","guid":{"rendered":"https:\/\/www.infomeik.com\/"},"modified":"2026-02-17T12:14:46","modified_gmt":"2026-02-17T11:14:46","slug":"aviso-legal","status":"publish","type":"page","link":"https:\/\/www.infomeik.com\/en\/aviso-legal\/","title":{"rendered":"Aviso legal"},"content":{"rendered":"<div class=\"wpb-content-wrapper\"><p>[vc_row][vc_column]<div class=\"boc_spacing \" style=\"height: 120px\"><\/div>[vc_column_text css=&#8221;&#8221;]<strong>AVISO LEGAL<\/strong><\/p>\n<p><strong>INDICE<\/strong><\/p>\n<ol>\n<li>Informaci\u00f3n legal y aceptaci\u00f3n<\/li>\n<li>Identificaci\u00f3n del propietario del Website<\/li>\n<li>Propiedad intelectual, industrial y frames<\/li>\n<li>Condiciones de uso del Website<\/li>\n<li>Exclusi\u00f3n de responsabilidad<\/li>\n<li>Protecci\u00f3n de datos personales<\/li>\n<li>Uso de cookies<\/li>\n<li>Comunicaci\u00f3n de actividades de car\u00e1cter il\u00edcito e inadecuado<\/li>\n<li>Modificaci\u00f3n del Aviso Legal<\/li>\n<li>Legislaci\u00f3n<\/li>\n<li>Jurisdicci\u00f3n<\/li>\n<\/ol>\n<p>&nbsp;<\/p>\n<p><strong>1.- INFORMACI\u00d3N LEGAL Y ACEPTACI\u00d3N<\/strong><\/p>\n<p>En cumplimiento con lo establecido en la Ley 34\/2002 de 11 de Julio, de Servicios de la Sociedad de la Informaci\u00f3n y el Comercio Electr\u00f3nico (LSSICE), las presentes disposiciones regulan el uso del servicio del Website http:\/\/infomeik.com, (en adelante &#8220;Website&#8221;) que INFOMEIK SOLUCIONES ONLINE S.L pone a disposici\u00f3n de los usuarios de Internet.<\/p>\n<p>El acceso al Website es gratuito salvo en lo relativo al coste de la conexi\u00f3n a trav\u00e9s de la red de telecomunicaciones suministrada por el proveedor de acceso contratado por los usuarios. Determinados servicios son exclusivos para nuestros clientes y su acceso se encuentra restringido. Los servicios prestados por INFOMEIK SOLUCIONES ONLINE S.L con car\u00e1cter general tienen el precio (IVA no incluido) que se indique en la correspondiente propuesta de servicios y en ning\u00fan caso se ofrecen o prestan a trav\u00e9s del servicio del portal.<\/p>\n<p>En aquellos casos y secciones que nuestro Website ofrezca servicios de Comercio Electr\u00f3nico sujeto a contrataci\u00f3n o contraprestaci\u00f3n econ\u00f3mica, se deber\u00e1n aceptar las Condiciones Generales de Contrataci\u00f3n especificadas en su caso.<\/p>\n<p>La utilizaci\u00f3n del Website atribuye la condici\u00f3n de usuario del Website (en adelante, Usuario) e implica la aceptaci\u00f3n de todas las condiciones incluidas en este Aviso Legal. La prestaci\u00f3n del servicio del Website tiene una duraci\u00f3n limitada al momento en que el Usuario se encuentre conectado al Website o a alguno de los servicios que a trav\u00e9s del mismos se facilitan. Por tanto, el Usuario debe leer atentamente el presente Aviso Legal en cada una de las ocasiones en que se proponga utilizar el Website, ya que \u00e9ste y sus condiciones de uso recogidas en el presente Aviso Legal pudieran sufrir modificaciones.<\/p>\n<p>Algunos servicios del Website accesibles para los usuarios de Internet o exclusivos para los clientes de INFOMEIK SOLUCIONES ONLINE S.L pueden estar sometidos a condiciones particulares, reglamento e instrucciones que, en su caso, sustituyen, completan y\/o modifican el presente Aviso Legal y que deber\u00e1n ser aceptadas por el Usuario antes de iniciarse la prestaci\u00f3n de los servicios correspondientes.<\/p>\n<p>&nbsp;<\/p>\n<p><strong>2.- IDENTIFICACI\u00d3N DEL PROPIETARIO DEL WEBSITE<\/strong><\/p>\n<table width=\"100%\">\n<tbody>\n<tr>\n<td><strong>Titular del Website:<\/strong><\/td>\n<td>INFOMEIK SOLUCIONES ONLINE S.L &#8211;\u00a0CIF\u00a0B98503105<\/td>\n<\/tr>\n<tr>\n<td><strong>Direcci\u00f3n:\u00a0<\/strong><\/td>\n<td>Avda. Ojos Negros, N\u00ba81, 2\u00ba-Pta. 3, (Edificio La D\u00e1rsena). 46520, Sagunto (Valencia), Espa\u00f1a<\/td>\n<\/tr>\n<tr>\n<td><strong>Contacto:<\/strong><\/td>\n<td>Tel. +(34) 962 690 392 &#8211; Email: info@infomeik.com<\/td>\n<\/tr>\n<tr>\n<td><strong>Registro mercantil o autorizaci\u00f3n administrativa:<\/strong><\/td>\n<td><\/td>\n<\/tr>\n<tr>\n<td><strong>Actividad:<\/strong><\/td>\n<td>Agencia de publicidad<\/td>\n<\/tr>\n<\/tbody>\n<\/table>\n<p>&nbsp;<\/p>\n<p>&nbsp;<\/p>\n<p><strong>3.- PROPIEDAD INTELECTUAL, INDUSTRIAL Y FRAMES<\/strong><\/p>\n<p>Todos los elementos que forman el Website, entendiendo por estos a t\u00edtulo meramente enunciativo, los textos, fotograf\u00edas, gr\u00e1ficos, im\u00e1genes, iconos, tecnolog\u00eda, softwares, links y dem\u00e1s contenidos audiovisuales o sonoros, as\u00ed como su estructura, dise\u00f1o gr\u00e1fico, c\u00f3digos fuente, as\u00ed como los logos, marcas y dem\u00e1s signos distintivos que aparecen en el mismo, son titularidad de INFOMEIK SOLUCIONES ONLINE S.L o de sus colaboradores y est\u00e1n protegidos por los correspondientes derechos de propiedad intelectual e industrial,<\/p>\n<p>El titular del sitio Web (INFOMEIK SOLUCIONES ONLINE S.L) proh\u00edbe expresamente la realizaci\u00f3n de &#8220;framing&#8221; o la utilizaci\u00f3n por parte del Usuario o de terceros de cualesquiera otros mecanismos que alteren el dise\u00f1o, configuraci\u00f3n original o contenidos de nuestro sitio Web.<\/p>\n<p>El uso de los contenidos deber\u00e1 respetar su licenciamiento particular. De tal modo su uso, reproducci\u00f3n, distribuci\u00f3n, comunicaci\u00f3n p\u00fablica, transformaci\u00f3n o cualquier otra actividad similar o an\u00e1loga, queda totalmente prohibida salvo que medie previa y expresa autorizaci\u00f3n del\u00a0titular del sitio Web,\u00a0INFOMEIK SOLUCIONES ONLINE S.L.<\/p>\n<p>\u00danicamente se autoriza la reproducci\u00f3n total o parcial de los textos y contenidos proporcionados por el sitio Web, siempre que concurran todas y cada una de las siguientes condiciones:<\/p>\n<ul>\n<li>Se mantenga la integridad de los contenidos, documentos o gr\u00e1ficos<\/li>\n<li>Se cite expresamente al titular del sitio Web\u00a0como fuente y origen de aquellos.<\/li>\n<li>El prop\u00f3sito y la finalidad de tal uso sea compatible con los fines de la Web y\/o actividad\u00a0del titular del sitio Web.<\/li>\n<li>No se pretenda un uso comercial, quedando expresamente prohibidas su distribuci\u00f3n, comunicaci\u00f3n p\u00fablica, transformaci\u00f3n o descompilaci\u00f3n<\/li>\n<\/ul>\n<p>Cualquier otro uso habr\u00e1 de ser comunicado y autorizado por el\u00a0titular del sitio Web, previa y expresamente.<\/p>\n<p>Respecto a las citas de productos y servicios de terceros, INFOMEIK SOLUCIONES ONLINE S.L reconoce a favor de sus titulares los correspondientes derechos de propiedad industrial e intelectual, no implicando su sola menci\u00f3n o aparici\u00f3n en la Web la existencia de derechos ni de responsabilidad alguna sobre los mismos, como tampoco respaldo, patrocinio o recomendaci\u00f3n.<\/p>\n<p>INFOMEIK SOLUCIONES ONLINE S.L declara su respeto a los derechos de propiedad intelectual e industrial de terceros; por ello, si considera que el Website\u00a0pudieran estar violando sus derechos, rogamos se ponga en contacto con INFOMEIK SOLUCIONES ONLINE S.L.<\/p>\n<p>&nbsp;<\/p>\n<p><strong>4.- CONDICIONES GENERALES DE USO<\/strong><\/p>\n<p>El Website\u00a0tiene como objeto facilitar al p\u00fablico, en general, el conocimiento de las actividades que esta organizaci\u00f3n realiza y de los productos y servicios que presta, para el desarrollo de su actividad.<\/p>\n<p>El uso de cualquiera de las funcionalidades del sitio Web implica la expresa y plena aceptaci\u00f3n de las condiciones aqu\u00ed expuestas, sin perjuicio de aquellas particulares que pudieran aplicarse a algunos de los servicios concretos ofrecidos a trav\u00e9s del sitio Web.<\/p>\n<p>El titular del sitio Web se reserva la facultad de efectuar, en cualquier momento y sin necesidad de previo aviso, modificaciones y actualizaciones de la informaci\u00f3n contenida en su Web o en la configuraci\u00f3n y presentaci\u00f3n de \u00e9sta.<\/p>\n<p>Con el objeto de mantener actualizada la informaci\u00f3n publicada el portal Web, los contenidos del mismo podr\u00e1n ser modificados, corregidos, eliminados o a\u00f1adidos en cualquier momento, por lo que ser\u00e1 conveniente comprobar la vigencia o exactitud de los mismos acudiendo a las fuentes oficiales.<\/p>\n<p>&nbsp;<\/p>\n<p><strong>5.- EXCLUSI\u00d3N DE RESPONSABILIDAD<\/strong><\/p>\n<p><strong>5.1.- DE LA INFORMACI\u00d3N<\/strong><\/p>\n<p>El acceso al Website no implica obligaci\u00f3n por parte de INFOMEIK SOLUCIONES ONLINE S.L de comprobar la veracidad, exactitud, adecuaci\u00f3n, idoneidad, exhaustividad y actualidad de la informaci\u00f3n suministrada a trav\u00e9s del mismo. Los contenidos de este Website son de car\u00e1cter general y no constituyen, en modo alguno, la prestaci\u00f3n de un servicio de asesoramiento legal o fiscal de ning\u00fan tipo, por lo que dicha informaci\u00f3n resulta insuficiente para la toma de decisiones personales o empresariales por parte del Usuario.<\/p>\n<p>INFOMEIK SOLUCIONES ONLINE S.L no se responsabiliza de las decisiones tomadas a partir de la informaci\u00f3n suministrada en el Website ni de los datos y perjuicios producidos en el Usuario o terceros con motivo de actuaciones que tengan como \u00fanico fundamento la informaci\u00f3n obtenida en el Website.<\/p>\n<p>La informaci\u00f3n est\u00e1 sometida a posibles cambios peri\u00f3dicos sin previo aviso de su contenido por ampliaci\u00f3n, mejora, correcci\u00f3n o actualizaci\u00f3n de los contenidos del Website.<\/p>\n<p>&nbsp;<\/p>\n<p><strong>5.2.- DE LA CALIDAD DEL SERVICIO DEL WEBSITE<\/strong><\/p>\n<p>El acceso al Website no implica la obligaci\u00f3n por parte de INFOMEIK SOLUCIONES ONLINE S.L de controlar la ausencia de virus, gusanos o cualquier otro elemento inform\u00e1tico da\u00f1ino. Corresponde al Usuario, en todo caso, la disponibilidad de herramientas adecuadas para la detecci\u00f3n y desinfecci\u00f3n de programas inform\u00e1ticos da\u00f1inos.<\/p>\n<p>INFOMEIK SOLUCIONES ONLINE S.L no se responsabiliza de los da\u00f1os producidos en los equipos inform\u00e1ticos de los Usuarios o de terceros durante la prestaci\u00f3n del servicio del Website, ni del mal funcionamiento del navegador Web o el uso de versiones no actualizadas del mismo.<\/p>\n<p>&nbsp;<\/p>\n<p><strong>5.3.- DE LA DISPONIBILIDAD DEL SERVICIO<\/strong><\/p>\n<p>El acceso al Website requiere de servicios y suministros de terceros, incluidos el transporte a trav\u00e9s de redes de telecomunicaciones cuya fiabilidad, calidad, continuidad y funcionamiento no corresponde a INFOMEIK SOLUCIONES ONLINE S.L. Por consiguiente, los servicios que se proveen a trav\u00e9s del Website pueden ser suspendidos, cancelados o resultar inaccesibles, con car\u00e1cter previo o simultaneo a la prestaci\u00f3n del servicio del Website.<\/p>\n<p>INFOMEIK SOLUCIONES ONLINE S.L no se responsabiliza de los da\u00f1os y perjuicios de cualquier tipo producidos en el Usuario que traigan causa de fallos o desconexiones en las redes de telecomunicaciones que produzcan la suspensi\u00f3n, cancelaci\u00f3n o interrupci\u00f3n del servicio del Website durante la prestaci\u00f3n del mismo o con car\u00e1cter previo.<\/p>\n<p>&nbsp;<\/p>\n<p><strong>5.4.- DE LOS CONTENIDOS Y SERVICIOS ENLAZADOS A TRAV\u00c9S DEL PORTAL<\/strong><\/p>\n<p>El servicio de acceso al Website incluye dispositivos t\u00e9cnicos de enlace, directorios e incluso instrumentos de b\u00fasqueda que permiten al Usuario acceder a otras p\u00e1ginas y portales de Internet (en adelante, &#8220;Sitios Enlazados&#8221;). En estos casos, INFOMEIK SOLUCIONES ONLINE S.L act\u00faa como prestador de servicios de intermediaci\u00f3n de conformidad con el art\u00edculo 17 de la Ley 34\/2002, de 12 de julio, de Servicios de la Sociedad de la Informaci\u00f3n y el Comercio Electr\u00f3nico (LSSICE) y s\u00f3lo ser\u00e1 responsable de los contenidos y servicios suministrados en los Sitios Enlazados en la medida en que tenga conocimiento efectivo de la ilicitud y no haya desactivado el enlace con la debida diligencia.<\/p>\n<p>En el supuesto de que el Usuario considere que existe un Sitio Enlazado con contenidos il\u00edcitos o inadecuados podr\u00e1 comunic\u00e1rselo a INFOMEIK SOLUCIONES ONLINE S.L de acuerdo con el procedimiento y los efectos establecidos en la cl\u00e1usula 7, sin que en ning\u00fan caso esta comunicaci\u00f3n conlleve la obligaci\u00f3n de retirar el correspondiente enlace.<\/p>\n<p>En ning\u00fan caso, la existencia de Sitios Enlazados debe presuponer la existencia de acuerdos con los responsables o titulares de los mismos, ni la recomendaci\u00f3n, promoci\u00f3n o identificaci\u00f3n de INFOMEIK SOLUCIONES ONLINE S.L con las manifestaciones, contenidos o servicios que se proveen.<\/p>\n<p>INFOMEIK SOLUCIONES ONLINE S.L no conoce los contenidos y servicios de los Sitios Enlazados y por tanto no se hace responsable por los da\u00f1os producidos por la ilicitud, calidad, desactualizaci\u00f3n, indisponibilidad, error e inutilidad de los contenidos y\/o servicios de los Sitios Enlazados ni por cualquier otro da\u00f1o que no sea directamente imputable a INFOMEIK SOLUCIONES ONLINE S.L<\/p>\n<p>&nbsp;<\/p>\n<p><strong>6.- PROTECCI\u00d3N DE DATOS PERSONALES<\/strong><\/p>\n<p>Para aquellos casos que se recaben, traten o almacenen datos personales, se har\u00e1 en conformidad con la Pol\u00edtica de Privacidad publicada en el Website y que puede consultar en el pie o footer del sitio Web.<\/p>\n<p>&nbsp;<\/p>\n<p><strong>7.- USO DE COOKIES<\/strong><\/p>\n<p>El Website\u00a0utiliza cookies conforme a lo establecido en nuestra Pol\u00edtica de Cookies que puede consultar en el pie o footer del sitio Web..<\/p>\n<p>&nbsp;<\/p>\n<p><strong>8.- COMUNICACI\u00d3N DE ACTIVIDADES DE CAR\u00c1CTER IL\u00cdCITO O INADECUADO<\/strong><\/p>\n<p>En el caso de que el Usuario o cualquier otro usuario de Internet tuviera conocimiento de que los Sitios Enlazados remiten a p\u00e1ginas cuyos contenidos o servicios son il\u00edcitos, nocivos, denigrantes, violentos o contrarios a la moral podr\u00e1 ponerse en contacto con INFOMEIK SOLUCIONES ONLINE S.L indicando los siguientes extremos:<\/p>\n<ul>\n<li>Datos personales del comunicante: nombre, direcci\u00f3n, n\u00famero de tel\u00e9fono y direcci\u00f3n de correo electr\u00f3nico;<\/li>\n<li>Descripci\u00f3n de los hechos que revelan el car\u00e1cter il\u00edcito o inadecuado del Sitio Enlazado;<\/li>\n<li>En el supuesto de violaci\u00f3n de derechos, tales como propiedad intelectual e industrial, los datos personales del titular del derecho infringido cuando sea persona distinta del comunicante. Asimismo, deber\u00e1 aportar el t\u00edtulo que acredite la legitimaci\u00f3n del titular de los derechos y, en su caso, el de representaci\u00f3n para actuar por cuenta del titular cuando sea persona distinta del comunicante;<\/li>\n<li>Declaraci\u00f3n expresa de que la informaci\u00f3n contenida en la reclamaci\u00f3n es exacta.<\/li>\n<\/ul>\n<p>&nbsp;<\/p>\n<p>La recepci\u00f3n por parte de INFOMEIK SOLUCIONES ONLINE S.L\u00a0de la comunicaci\u00f3n prevista en esta cl\u00e1usula no supondr\u00e1, seg\u00fan lo dispuesto en la LSSI, el conocimiento efectivo de las actividades y\/o contenidos indicados por el comunicante.<\/p>\n<p>Asimismo, deber\u00e1 aportar el t\u00edtulo que acredite la legitimaci\u00f3n del titular de los derechos y, en su caso, el de representaci\u00f3n para actuar por cuenta del titular cuando sea persona distinta del comunicante.<\/p>\n<p>&nbsp;<\/p>\n<p><strong>9.- MODIFICACI\u00d3N DEL AVISO LEGAL<\/strong><\/p>\n<p>Con el fin de mejorar las prestaciones del sitio Web, INFOMEIK SOLUCIONES ONLINE S.L se reserva la facultad de efectuar, en cualquier momento y sin necesidad de previo aviso, modificaciones y actualizaciones de la informaci\u00f3n contenida en el sitio Web, de la configuraci\u00f3n y dise\u00f1o de \u00e9ste y del presente aviso legal, as\u00ed como de cualesquiera otras condiciones particulares. Por tanto, El Usuario debe leer el Aviso Legal en todas y cada una de las ocasiones en que acceda al Website.<\/p>\n<p>&nbsp;<\/p>\n<p><strong>10.- JURISDICCI\u00d3N<\/strong><\/p>\n<p>INFOMEIK SOLUCIONES ONLINE S.L se reserva la facultad de presentar las acciones civiles o penales que considere necesarias por la utilizaci\u00f3n indebida del Sitio Web y Contenidos, o por el incumplimiento de las presentes condiciones del Aviso Legal.<\/p>\n<p>Para cuantas cuestiones se susciten sobre la interpretaci\u00f3n, aplicaci\u00f3n y cumplimiento de este Aviso Legal, as\u00ed como de las reclamaciones que puedan derivarse de su uso, todas las partes intervinientes se someter\u00e1n a la jurisdicci\u00f3n ordinaria someti\u00e9ndose a los Jueces y Tribunales que correspondan conforme a derecho.<\/p>\n<p>&nbsp;<\/p>\n<p><strong>11.- LEY APLICABLE<\/strong><\/p>\n<p>La ley aplicable en caso de disputa o conflicto de interpretaci\u00f3n de los t\u00e9rminos que conforman este Aviso Legal, as\u00ed como cualquier cuesti\u00f3n relacionada con los servicios del presente sitio Web, se regir\u00e1 por la normativa vigente y de aplicaci\u00f3n en el territorio espa\u00f1ol.<\/p>\n<p>Reservados todos los derechos de autor por las leyes y tratados internacionales de propiedad intelectual. Queda expresamente prohibida su copia, reproducci\u00f3n o difusi\u00f3n, total o parcial, por cualquier medio.<\/p>\n<p>&nbsp;<\/p>\n<p><em>Versi\u00f3n de 01 de septiembre de 2025<\/em>[\/vc_column_text][\/vc_column][\/vc_row]<\/p>\n<\/div>","protected":false},"excerpt":{"rendered":"<p>[vc_row][vc_column][vc_column_text css=&#8221;&#8221;]AVISO LEGAL INDICE Informaci\u00f3n legal y aceptaci\u00f3n Identificaci\u00f3n del propietario del Website Propiedad intelectual, industrial y frames Condiciones de uso del Website Exclusi\u00f3n de responsabilidad Protecci\u00f3n de datos personales Uso de cookies Comunicaci\u00f3n de actividades de car\u00e1cter il\u00edcito e inadecuado Modificaci\u00f3n del Aviso Legal Legislaci\u00f3n Jurisdicci\u00f3n &nbsp; 1.- INFORMACI\u00d3N LEGAL Y ACEPTACI\u00d3N En cumplimiento con lo establecido en la<\/p>\n<div class=\"h10\"><\/div>\n<p><a class=\"more-link2 flat\" href=\"https:\/\/www.infomeik.com\/en\/aviso-legal\/\">Read more<\/a><\/p>\n","protected":false},"author":1,"featured_media":0,"parent":0,"menu_order":0,"comment_status":"closed","ping_status":"closed","template":"","meta":{"_acf_changed":false,"footnotes":""},"class_list":["post-451","page","type-page","status-publish","hentry"],"acf":[],"aioseo_notices":[],"_links":{"self":[{"href":"https:\/\/www.infomeik.com\/en\/wp-json\/wp\/v2\/pages\/451","targetHints":{"allow":["GET"]}}],"collection":[{"href":"https:\/\/www.infomeik.com\/en\/wp-json\/wp\/v2\/pages"}],"about":[{"href":"https:\/\/www.infomeik.com\/en\/wp-json\/wp\/v2\/types\/page"}],"author":[{"embeddable":true,"href":"https:\/\/www.infomeik.com\/en\/wp-json\/wp\/v2\/users\/1"}],"replies":[{"embeddable":true,"href":"https:\/\/www.infomeik.com\/en\/wp-json\/wp\/v2\/comments?post=451"}],"version-history":[{"count":12,"href":"https:\/\/www.infomeik.com\/en\/wp-json\/wp\/v2\/pages\/451\/revisions"}],"predecessor-version":[{"id":27674,"href":"https:\/\/www.infomeik.com\/en\/wp-json\/wp\/v2\/pages\/451\/revisions\/27674"}],"wp:attachment":[{"href":"https:\/\/www.infomeik.com\/en\/wp-json\/wp\/v2\/media?parent=451"}],"curies":[{"name":"wp","href":"https:\/\/api.w.org\/{rel}","templated":true}]}}